{"id":3405,"date":"2025-01-21T15:20:58","date_gmt":"2025-01-21T15:20:58","guid":{"rendered":"https:\/\/joaofaria.me\/?page_id=3405"},"modified":"2025-01-22T15:49:21","modified_gmt":"2025-01-22T15:49:21","slug":"disciplinas","status":"publish","type":"page","link":"https:\/\/joaofaria.me\/en\/disciplinas\/","title":{"rendered":"Disciplinas"},"content":{"rendered":"<div data-elementor-type=\"wp-page\" data-elementor-id=\"3405\" class=\"elementor elementor-3405\" data-elementor-post-type=\"page\">\n\t\t\t\t<div class=\"elementor-element elementor-element-abd9add e-flex e-con-boxed e-con e-parent\" data-id=\"abd9add\" data-element_type=\"container\" data-e-type=\"container\">\n\t\t\t\t\t<div class=\"e-con-inner\">\n\t\t\t\t<div class=\"elementor-element elementor-element-66c40be elementor-widget elementor-widget-menu-anchor\" data-id=\"66c40be\" data-element_type=\"widget\" data-e-type=\"widget\" data-widget_type=\"menu-anchor.default\">\n\t\t\t\t<div class=\"elementor-widget-container\">\n\t\t\t\t\t\t\t<div class=\"elementor-menu-anchor\" id=\"Disciplinas\"><\/div>\n\t\t\t\t\t\t<\/div>\n\t\t\t\t<\/div>\n\t\t\t\t<div class=\"elementor-element elementor-element-fd04b11 elementor-widget elementor-widget-spacer\" data-id=\"fd04b11\" data-element_type=\"widget\" data-e-type=\"widget\" data-widget_type=\"spacer.default\">\n\t\t\t\t<div class=\"elementor-widget-container\">\n\t\t\t\t\t\t\t<div class=\"elementor-spacer\">\n\t\t\t<div class=\"elementor-spacer-inner\"><\/div>\n\t\t<\/div>\n\t\t\t\t\t\t<\/div>\n\t\t\t\t<\/div>\n\t\t\t\t\t<\/div>\n\t\t\t\t<\/div>\n\t\t<div class=\"elementor-element elementor-element-4596e5f e-flex e-con-boxed e-con e-parent\" data-id=\"4596e5f\" data-element_type=\"container\" data-e-type=\"container\">\n\t\t\t\t\t<div class=\"e-con-inner\">\n\t\t<div class=\"elementor-element elementor-element-6fddc05 e-con-full e-flex e-con e-child\" data-id=\"6fddc05\" data-element_type=\"container\" data-e-type=\"container\">\n\t\t\t\t<div class=\"elementor-element elementor-element-32bcdc6 elementor-widget elementor-widget-heading\" data-id=\"32bcdc6\" data-element_type=\"widget\" data-e-type=\"widget\" data-widget_type=\"heading.default\">\n\t\t\t\t<div class=\"elementor-widget-container\">\n\t\t\t\t\t<h2 class=\"elementor-heading-title elementor-size-default\"><a href=\"https:\/\/joaofaria.me\/en\/disciplina-design\/\">Design<\/a><\/h2>\t\t\t\t<\/div>\n\t\t\t\t<\/div>\n\t\t\t\t<div class=\"elementor-element elementor-element-62aff1b elementor-widget elementor-widget-spacer\" data-id=\"62aff1b\" data-element_type=\"widget\" data-e-type=\"widget\" data-widget_type=\"spacer.default\">\n\t\t\t\t<div class=\"elementor-widget-container\">\n\t\t\t\t\t\t\t<div class=\"elementor-spacer\">\n\t\t\t<div class=\"elementor-spacer-inner\"><\/div>\n\t\t<\/div>\n\t\t\t\t\t\t<\/div>\n\t\t\t\t<\/div>\n\t\t\t\t<div class=\"elementor-element elementor-element-bde2597 elementor-widget elementor-widget-text-editor\" data-id=\"bde2597\" data-element_type=\"widget\" data-e-type=\"widget\" data-widget_type=\"text-editor.default\">\n\t\t\t\t<div class=\"elementor-widget-container\">\n\t\t\t\t\t\t\t\t\t<p style=\"text-align: center;\">\u00a0Nesta disciplina cria-se uma perce\u00e7\u00e3o visual, uma consci\u00eancia espacial e boas capacidades de observa\u00e7\u00e3o. E assim Desenvolvendo o desenho, a composi\u00e7\u00e3o, a perce\u00e7\u00e3o visual, a modela\u00e7\u00e3o e as capacidades manuais.<\/p>\t\t\t\t\t\t\t\t<\/div>\n\t\t\t\t<\/div>\n\t\t\t\t<\/div>\n\t\t<div class=\"elementor-element elementor-element-5cb448e e-con-full e-flex e-con e-child\" data-id=\"5cb448e\" data-element_type=\"container\" data-e-type=\"container\">\n\t\t\t\t<div class=\"elementor-element elementor-element-e229827 elementor-widget elementor-widget-image\" data-id=\"e229827\" data-element_type=\"widget\" data-e-type=\"widget\" data-widget_type=\"image.default\">\n\t\t\t\t<div class=\"elementor-widget-container\">\n\t\t\t\t\t\t\t\t\t\t\t\t\t\t\t\t<a href=\"https:\/\/joaofaria.me\/en\/disciplina-design\/\">\n\t\t\t\t\t\t\t<img fetchpriority=\"high\" decoding=\"async\" width=\"276\" height=\"276\" src=\"https:\/\/joaofaria.me\/wp-content\/uploads\/2025\/01\/05_composition.jpg\" class=\"attachment-large size-large wp-image-3411\" alt=\"\" srcset=\"https:\/\/joaofaria.me\/wp-content\/uploads\/2025\/01\/05_composition.jpg 276w, https:\/\/joaofaria.me\/wp-content\/uploads\/2025\/01\/05_composition-150x150.jpg 150w, https:\/\/joaofaria.me\/wp-content\/uploads\/2025\/01\/05_composition-12x12.jpg 12w\" sizes=\"(max-width: 276px) 100vw, 276px\" \/>\t\t\t\t\t\t\t\t<\/a>\n\t\t\t\t\t\t\t\t\t\t\t\t\t\t\t<\/div>\n\t\t\t\t<\/div>\n\t\t\t\t<\/div>\n\t\t\t\t\t<\/div>\n\t\t\t\t<\/div>\n\t\t<div class=\"elementor-element elementor-element-56a1986 e-flex e-con-boxed e-con e-parent\" data-id=\"56a1986\" data-element_type=\"container\" data-e-type=\"container\">\n\t\t\t\t\t<div class=\"e-con-inner\">\n\t\t\t\t<div class=\"elementor-element elementor-element-985688a elementor-widget elementor-widget-spacer\" data-id=\"985688a\" data-element_type=\"widget\" data-e-type=\"widget\" data-widget_type=\"spacer.default\">\n\t\t\t\t<div class=\"elementor-widget-container\">\n\t\t\t\t\t\t\t<div class=\"elementor-spacer\">\n\t\t\t<div class=\"elementor-spacer-inner\"><\/div>\n\t\t<\/div>\n\t\t\t\t\t\t<\/div>\n\t\t\t\t<\/div>\n\t\t\t\t\t<\/div>\n\t\t\t\t<\/div>\n\t\t<div class=\"elementor-element elementor-element-2fe3583 e-flex e-con-boxed e-con e-parent\" data-id=\"2fe3583\" data-element_type=\"container\" data-e-type=\"container\">\n\t\t\t\t\t<div class=\"e-con-inner\">\n\t\t<div class=\"elementor-element elementor-element-53c178d e-con-full e-flex e-con e-child\" data-id=\"53c178d\" data-element_type=\"container\" data-e-type=\"container\">\n\t\t\t\t<div class=\"elementor-element elementor-element-05e3254 elementor-widget elementor-widget-image\" data-id=\"05e3254\" data-element_type=\"widget\" data-e-type=\"widget\" data-widget_type=\"image.default\">\n\t\t\t\t<div class=\"elementor-widget-container\">\n\t\t\t\t\t\t\t\t\t\t\t\t\t\t\t\t<a href=\"https:\/\/joaofaria.me\/en\/desenho\/\">\n\t\t\t\t\t\t\t<img decoding=\"async\" width=\"724\" height=\"1024\" src=\"https:\/\/joaofaria.me\/wp-content\/uploads\/2024\/04\/Boneco-M-724x1024.jpg\" class=\"attachment-large size-large wp-image-2923\" alt=\"\" srcset=\"https:\/\/joaofaria.me\/wp-content\/uploads\/2024\/04\/Boneco-M-724x1024.jpg 724w, https:\/\/joaofaria.me\/wp-content\/uploads\/2024\/04\/Boneco-M-212x300.jpg 212w, https:\/\/joaofaria.me\/wp-content\/uploads\/2024\/04\/Boneco-M-768x1086.jpg 768w, https:\/\/joaofaria.me\/wp-content\/uploads\/2024\/04\/Boneco-M-1087x1536.jpg 1087w, https:\/\/joaofaria.me\/wp-content\/uploads\/2024\/04\/Boneco-M-1449x2048.jpg 1449w, https:\/\/joaofaria.me\/wp-content\/uploads\/2024\/04\/Boneco-M-500x707.jpg 500w, https:\/\/joaofaria.me\/wp-content\/uploads\/2024\/04\/Boneco-M-800x1131.jpg 800w, https:\/\/joaofaria.me\/wp-content\/uploads\/2024\/04\/Boneco-M-1280x1809.jpg 1280w, https:\/\/joaofaria.me\/wp-content\/uploads\/2024\/04\/Boneco-M-1920x2714.jpg 1920w, https:\/\/joaofaria.me\/wp-content\/uploads\/2024\/04\/Boneco-M-scaled.jpg 1811w\" sizes=\"(max-width: 724px) 100vw, 724px\" \/>\t\t\t\t\t\t\t\t<\/a>\n\t\t\t\t\t\t\t\t\t\t\t\t\t\t\t<\/div>\n\t\t\t\t<\/div>\n\t\t\t\t<\/div>\n\t\t<div class=\"elementor-element elementor-element-4337847 e-con-full e-flex e-con e-child\" data-id=\"4337847\" data-element_type=\"container\" data-e-type=\"container\">\n\t\t\t\t<div class=\"elementor-element elementor-element-fdaeca9 elementor-widget elementor-widget-heading\" data-id=\"fdaeca9\" data-element_type=\"widget\" data-e-type=\"widget\" data-widget_type=\"heading.default\">\n\t\t\t\t<div class=\"elementor-widget-container\">\n\t\t\t\t\t<h2 class=\"elementor-heading-title elementor-size-default\"><a href=\"https:\/\/joaofaria.me\/en\/desenho\/\">Desenho<\/a><\/h2>\t\t\t\t<\/div>\n\t\t\t\t<\/div>\n\t\t\t\t<div class=\"elementor-element elementor-element-d52534a elementor-widget elementor-widget-spacer\" data-id=\"d52534a\" data-element_type=\"widget\" data-e-type=\"widget\" data-widget_type=\"spacer.default\">\n\t\t\t\t<div class=\"elementor-widget-container\">\n\t\t\t\t\t\t\t<div class=\"elementor-spacer\">\n\t\t\t<div class=\"elementor-spacer-inner\"><\/div>\n\t\t<\/div>\n\t\t\t\t\t\t<\/div>\n\t\t\t\t<\/div>\n\t\t\t\t<div class=\"elementor-element elementor-element-1b9ae10 elementor-widget elementor-widget-text-editor\" data-id=\"1b9ae10\" data-element_type=\"widget\" data-e-type=\"widget\" data-widget_type=\"text-editor.default\">\n\t\t\t\t<div class=\"elementor-widget-container\">\n\t\t\t\t\t\t\t\t\t<p style=\"text-align: center;\">Esta area foca-se na aquisi\u00e7\u00e3o e desenvolvimento de compet\u00eancias te\u00f3rico-pr\u00e1ticas, de n\u00edvel b\u00e1sico, na \u00e1rea das metodologias de representa\u00e7\u00e3o gr\u00e1fica de realidades formais e espaciais, essencialmente tridimensionais, centradas na figura humana.<\/p>\t\t\t\t\t\t\t\t<\/div>\n\t\t\t\t<\/div>\n\t\t\t\t<\/div>\n\t\t\t\t\t<\/div>\n\t\t\t\t<\/div>\n\t\t<div class=\"elementor-element elementor-element-5a32c04 e-flex e-con-boxed e-con e-parent\" data-id=\"5a32c04\" data-element_type=\"container\" data-e-type=\"container\">\n\t\t\t\t\t<div class=\"e-con-inner\">\n\t\t\t\t<div class=\"elementor-element elementor-element-d13a418 elementor-widget elementor-widget-spacer\" data-id=\"d13a418\" data-element_type=\"widget\" data-e-type=\"widget\" data-widget_type=\"spacer.default\">\n\t\t\t\t<div class=\"elementor-widget-container\">\n\t\t\t\t\t\t\t<div class=\"elementor-spacer\">\n\t\t\t<div class=\"elementor-spacer-inner\"><\/div>\n\t\t<\/div>\n\t\t\t\t\t\t<\/div>\n\t\t\t\t<\/div>\n\t\t\t\t\t<\/div>\n\t\t\t\t<\/div>\n\t\t<div class=\"elementor-element elementor-element-781304c e-flex e-con-boxed e-con e-parent\" data-id=\"781304c\" data-element_type=\"container\" data-e-type=\"container\">\n\t\t\t\t\t<div class=\"e-con-inner\">\n\t\t<div class=\"elementor-element elementor-element-722aa23 e-con-full e-flex e-con e-child\" data-id=\"722aa23\" data-element_type=\"container\" data-e-type=\"container\">\n\t\t\t\t<div class=\"elementor-element elementor-element-9e917bc elementor-widget elementor-widget-heading\" data-id=\"9e917bc\" data-element_type=\"widget\" data-e-type=\"widget\" data-widget_type=\"heading.default\">\n\t\t\t\t<div class=\"elementor-widget-container\">\n\t\t\t\t\t<h2 class=\"elementor-heading-title elementor-size-default\"><a href=\"https:\/\/joaofaria.me\/en\/desenhotecnico\/\">Desenho Tecnico<\/a><\/h2>\t\t\t\t<\/div>\n\t\t\t\t<\/div>\n\t\t\t\t<div class=\"elementor-element elementor-element-8bba6ec elementor-widget elementor-widget-spacer\" data-id=\"8bba6ec\" data-element_type=\"widget\" data-e-type=\"widget\" data-widget_type=\"spacer.default\">\n\t\t\t\t<div class=\"elementor-widget-container\">\n\t\t\t\t\t\t\t<div class=\"elementor-spacer\">\n\t\t\t<div class=\"elementor-spacer-inner\"><\/div>\n\t\t<\/div>\n\t\t\t\t\t\t<\/div>\n\t\t\t\t<\/div>\n\t\t\t\t<div class=\"elementor-element elementor-element-788cccd elementor-widget elementor-widget-text-editor\" data-id=\"788cccd\" data-element_type=\"widget\" data-e-type=\"widget\" data-widget_type=\"text-editor.default\">\n\t\t\t\t<div class=\"elementor-widget-container\">\n\t\t\t\t\t\t\t\t\t<p style=\"text-align: center;\">Pr\u00e1tica \u00e0 m\u00e3o livre de proje\u00e7\u00f5es ortogonais axonom\u00e9tricas (isometria e dimetria) e m\u00faltiplas. Metodologia de representa\u00e7\u00e3o por recurso a cortes e sec\u00e7\u00f5es.<\/p>\t\t\t\t\t\t\t\t<\/div>\n\t\t\t\t<\/div>\n\t\t\t\t<\/div>\n\t\t<div class=\"elementor-element elementor-element-bd25e65 e-con-full e-flex e-con e-child\" data-id=\"bd25e65\" data-element_type=\"container\" data-e-type=\"container\">\n\t\t\t\t<div class=\"elementor-element elementor-element-0c8f170 elementor-widget elementor-widget-image\" data-id=\"0c8f170\" data-element_type=\"widget\" data-e-type=\"widget\" data-widget_type=\"image.default\">\n\t\t\t\t<div class=\"elementor-widget-container\">\n\t\t\t\t\t\t\t\t\t\t\t\t\t\t\t\t<a href=\"https:\/\/joaofaria.me\/en\/desenhotecnico\/\">\n\t\t\t\t\t\t\t<img decoding=\"async\" width=\"686\" height=\"386\" src=\"https:\/\/joaofaria.me\/wp-content\/uploads\/2025\/01\/hq720.jpg\" class=\"attachment-large size-large wp-image-3412\" alt=\"\" srcset=\"https:\/\/joaofaria.me\/wp-content\/uploads\/2025\/01\/hq720.jpg 686w, https:\/\/joaofaria.me\/wp-content\/uploads\/2025\/01\/hq720-300x169.jpg 300w, https:\/\/joaofaria.me\/wp-content\/uploads\/2025\/01\/hq720-18x10.jpg 18w, https:\/\/joaofaria.me\/wp-content\/uploads\/2025\/01\/hq720-500x281.jpg 500w\" sizes=\"(max-width: 686px) 100vw, 686px\" \/>\t\t\t\t\t\t\t\t<\/a>\n\t\t\t\t\t\t\t\t\t\t\t\t\t\t\t<\/div>\n\t\t\t\t<\/div>\n\t\t\t\t<\/div>\n\t\t\t\t\t<\/div>\n\t\t\t\t<\/div>\n\t\t<div class=\"elementor-element elementor-element-92ddec4 e-flex e-con-boxed e-con e-parent\" data-id=\"92ddec4\" data-element_type=\"container\" data-e-type=\"container\">\n\t\t\t\t\t<div class=\"e-con-inner\">\n\t\t\t\t<div class=\"elementor-element elementor-element-567dace elementor-widget elementor-widget-spacer\" data-id=\"567dace\" data-element_type=\"widget\" data-e-type=\"widget\" data-widget_type=\"spacer.default\">\n\t\t\t\t<div class=\"elementor-widget-container\">\n\t\t\t\t\t\t\t<div class=\"elementor-spacer\">\n\t\t\t<div class=\"elementor-spacer-inner\"><\/div>\n\t\t<\/div>\n\t\t\t\t\t\t<\/div>\n\t\t\t\t<\/div>\n\t\t\t\t\t<\/div>\n\t\t\t\t<\/div>\n\t\t\t\t<\/div>","protected":false},"excerpt":{"rendered":"<p>Design \u00a0Nesta disciplina cria-se uma perce\u00e7\u00e3o visual, uma consci\u00eancia espacial e boas capacidades de observa\u00e7\u00e3o. E assim Desenvolvendo o desenho, [&hellip;]<\/p>","protected":false},"author":1,"featured_media":0,"parent":0,"menu_order":0,"comment_status":"closed","ping_status":"closed","template":"elementor_header_footer","meta":{"site-sidebar-layout":"default","site-content-layout":"","ast-site-content-layout":"","site-content-style":"default","site-sidebar-style":"default","ast-global-header-display":"","ast-banner-title-visibility":"","ast-main-header-display":"","ast-hfb-above-header-display":"","ast-hfb-below-header-display":"","ast-hfb-mobile-header-display":"","site-post-title":"","ast-breadcrumbs-content":"","ast-featured-img":"","footer-sml-layout":"","theme-transparent-header-meta":"","adv-header-id-meta":"","stick-header-meta":"","header-above-stick-meta":"","header-main-stick-meta":"","header-below-stick-meta":"","astra-migrate-meta-layouts":"default","ast-page-background-enabled":"default","ast-page-background-meta":{"desktop":{"background-color":"var(--ast-global-color-4)","background-image":"","background-repeat":"repeat","background-position":"center center","background-size":"auto","background-attachment":"scroll","background-type":"","background-media":"","overlay-type":"","overlay-color":"","overlay-gradient":""},"tablet":{"background-color":"","background-image":"","background-repeat":"repeat","background-position":"center center","background-size":"auto","background-attachment":"scroll","background-type":"","background-media":"","overlay-type":"","overlay-color":"","overlay-gradient":""},"mobile":{"background-color":"","background-image":"","background-repeat":"repeat","background-position":"center center","background-size":"auto","background-attachment":"scroll","background-type":"","background-media":"","overlay-type":"","overlay-color":"","overlay-gradient":""}},"ast-content-background-meta":{"desktop":{"background-color":"var(--ast-global-color-5)","background-image":"","background-repeat":"repeat","background-position":"center center","background-size":"auto","background-attachment":"scroll","background-type":"","background-media":"","overlay-type":"","overlay-color":"","overlay-gradient":""},"tablet":{"background-color":"var(--ast-global-color-5)","background-image":"","background-repeat":"repeat","background-position":"center center","background-size":"auto","background-attachment":"scroll","background-type":"","background-media":"","overlay-type":"","overlay-color":"","overlay-gradient":""},"mobile":{"background-color":"var(--ast-global-color-5)","background-image":"","background-repeat":"repeat","background-position":"center center","background-size":"auto","background-attachment":"scroll","background-type":"","background-media":"","overlay-type":"","overlay-color":"","overlay-gradient":""}},"_vp_format_video_url":"","_vp_image_focal_point":[],"footnotes":""},"class_list":["post-3405","page","type-page","status-publish","hentry"],"_links":{"self":[{"href":"https:\/\/joaofaria.me\/en\/wp-json\/wp\/v2\/pages\/3405","targetHints":{"allow":["GET"]}}],"collection":[{"href":"https:\/\/joaofaria.me\/en\/wp-json\/wp\/v2\/pages"}],"about":[{"href":"https:\/\/joaofaria.me\/en\/wp-json\/wp\/v2\/types\/page"}],"author":[{"embeddable":true,"href":"https:\/\/joaofaria.me\/en\/wp-json\/wp\/v2\/users\/1"}],"replies":[{"embeddable":true,"href":"https:\/\/joaofaria.me\/en\/wp-json\/wp\/v2\/comments?post=3405"}],"version-history":[{"count":14,"href":"https:\/\/joaofaria.me\/en\/wp-json\/wp\/v2\/pages\/3405\/revisions"}],"predecessor-version":[{"id":3488,"href":"https:\/\/joaofaria.me\/en\/wp-json\/wp\/v2\/pages\/3405\/revisions\/3488"}],"wp:attachment":[{"href":"https:\/\/joaofaria.me\/en\/wp-json\/wp\/v2\/media?parent=3405"}],"curies":[{"name":"wp","href":"https:\/\/api.w.org\/{rel}","templated":true}]}}